{"id":3776,"date":"2022-11-10T10:14:46","date_gmt":"2022-11-10T10:14:46","guid":{"rendered":"https:\/\/marblex.peacefulqode.com\/?page_id=3776"},"modified":"2022-11-10T10:14:46","modified_gmt":"2022-11-10T10:14:46","slug":"wood-floorings","status":"publish","type":"page","link":"https:\/\/www.bormarble.com\/tr\/wood-floorings\/","title":{"rendered":"Ah\u015fap D\u00f6\u015femeler"},"content":{"rendered":"<div data-elementor-type=\"wp-page\" data-elementor-id=\"3776\" class=\"elementor elementor-3776\">\n\t\t\t\t\t\t<div class=\"elementor-section elementor-top-section elementor-element elementor-element-60915cc elementor-section-full_width elementor-section-height-default elementor-section-height-default\" data-id=\"60915cc\" data-element_type=\"section\">\n\t\t\t\t\t\t<div class=\"elementor-container elementor-column-gap-default\">\n\t\t\t\t\t<div class=\"elementor-column elementor-col-33 elementor-top-column elementor-element elementor-element-0e5cdc0\" data-id=\"0e5cdc0\" data-element_type=\"column\">\n\t\t\t<div class=\"elementor-widget-wrap elementor-element-populated\">\n\t\t\t\t\t\t<div class=\"elementor-section elementor-inner-section elementor-element elementor-element-96b331f elementor-section-boxed elementor-section-height-default elementor-section-height-default\" data-id=\"96b331f\" data-element_type=\"section\">\n\t\t\t\t\t\t<div class=\"elementor-container elementor-column-gap-default\">\n\t\t\t\t\t<div class=\"elementor-column elementor-col-100 elementor-inner-column elementor-element elementor-element-732811d\" data-id=\"732811d\" data-element_type=\"column\">\n\t\t\t<div class=\"elementor-widget-wrap elementor-element-populated\">\n\t\t\t\t\t\t<div class=\"elementor-element elementor-element-54de5b6 elementor-widget elementor-widget-sidebar\" data-id=\"54de5b6\" data-element_type=\"widget\" data-widget_type=\"sidebar.default\">\n\t\t\t\t\t<div class=\"widget widget-port\"><div class=\"menu-service-menu-container\"><ul id=\"menu-service-menu\" class=\"menu\"><li id=\"menu-item-7125\" class=\"menu-item menu-item-type-post_type menu-item-object-portfolio menu-item-7125\"><a href=\"https:\/\/www.bormarble.com\/tr\/portfolio\/burdur\/\">Burdur Beige<\/a><\/li>\n<li id=\"menu-item-7126\" class=\"menu-item menu-item-type-post_type menu-item-object-portfolio menu-item-7126\"><a href=\"https:\/\/www.bormarble.com\/tr\/portfolio\/silve-vein-cut\/\">Silver Travertine Vein Cut<\/a><\/li>\n<li id=\"menu-item-7127\" class=\"menu-item menu-item-type-post_type menu-item-object-portfolio menu-item-7127\"><a href=\"https:\/\/www.bormarble.com\/tr\/portfolio\/tundra-blue\/\">Tundra Blue<\/a><\/li>\n<\/ul><\/div><\/div><div class=\"widget widget-port\">\n<figure class=\"wp-block-image size-full\"><img decoding=\"async\" src=\"https:\/\/marblex.peacefulqode.com\/wp-content\/uploads\/2022\/11\/call-1.jpg\" alt=\"\" class=\"wp-image-5314\"\/><\/figure>\n<\/div>\t\t\t\t<\/div>\n\t\t\t\t\t<\/div>\n\t\t<\/div>\n\t\t\t\t\t<\/div>\n\t\t<\/div>\n\t\t\t\t\t<\/div>\n\t\t<\/div>\n\t\t\t\t<div class=\"elementor-column elementor-col-66 elementor-top-column elementor-element elementor-element-a9637d1\" data-id=\"a9637d1\" data-element_type=\"column\">\n\t\t\t<div class=\"elementor-widget-wrap elementor-element-populated\">\n\t\t\t\t\t\t<div class=\"elementor-section elementor-inner-section elementor-element elementor-element-ea0a382 elementor-section-boxed elementor-section-height-default elementor-section-height-default\" data-id=\"ea0a382\" data-element_type=\"section\">\n\t\t\t\t\t\t<div class=\"elementor-container elementor-column-gap-default\">\n\t\t\t\t\t<div class=\"elementor-column elementor-col-100 elementor-inner-column elementor-element elementor-element-6029884\" data-id=\"6029884\" data-element_type=\"column\">\n\t\t\t<div class=\"elementor-widget-wrap elementor-element-populated\">\n\t\t\t\t\t\t<div class=\"elementor-element elementor-element-92da903 elementor-widget elementor-widget-image\" data-id=\"92da903\" data-element_type=\"widget\" data-widget_type=\"image.default\">\n\t\t\t\t\t\t\t\t\t\t\t\t\t\t\t<img decoding=\"async\" src=\"https:\/\/marblex.peacefulqode.com\/wp-content\/uploads\/2022\/11\/7-1.jpg\" title=\"\" alt=\"\" loading=\"lazy\" \/>\t\t\t\t\t\t\t\t\t\t\t\t\t\t\t<\/div>\n\t\t\t\t<div class=\"elementor-element elementor-element-fffef01 elementor-widget elementor-widget-heading\" data-id=\"fffef01\" data-element_type=\"widget\" data-widget_type=\"heading.default\">\n\t\t\t\t\t<h4 class=\"elementor-heading-title elementor-size-default\">Evinizde suya dayan\u0131kl\u0131 zemin kaplamas\u0131 se\u00e7in<\/h4>\t\t\t\t<\/div>\n\t\t\t\t<div class=\"elementor-element elementor-element-d8f81d6 elementor-widget elementor-widget-text-editor\" data-id=\"d8f81d6\" data-element_type=\"widget\" data-widget_type=\"text-editor.default\">\n\t\t\t\t\t\t\t\t\tHayalinizdeki Marblex tasar\u0131m\u0131, planlara, proje planlar\u0131na, 3D g\u00f6rselle\u015ftirmelere yans\u0131t\u0131lan bir konseptle ev sahipleri i\u00e7in harika d\u00f6\u015feme \u00e7\u00f6z\u00fcmleri ve m\u00fc\u015fteri hizmetleri sunmaya ba\u015flar. 1999 y\u0131l\u0131ndan bu yana, ev sahipleri ve ticari m\u00fc\u015fteriler i\u00e7in harika d\u00f6\u015feme \u00e7\u00f6z\u00fcmleri ve m\u00fc\u015fteri hizmetleri sunuyoruz. d\u00f6\u015feme malzemeleri aras\u0131nda hi\u00e7biri do\u011fal ta\u015ftan daha zarif ve l\u00fcks de\u011fildir.\t\t\t\t\t\t\t\t<\/div>\n\t\t\t\t<div class=\"elementor-element elementor-element-6163d68 elementor-widget elementor-widget-text-editor\" data-id=\"6163d68\" data-element_type=\"widget\" data-widget_type=\"text-editor.default\">\n\t\t\t\t\t\t\t\t\tMarblex, bir okuyucunun sayfa d\u00fczenine bakarken sayfan\u0131n okunabilir i\u00e7eri\u011finden uzakla\u015faca\u011f\u0131 uzun zamand\u0131r bilinen bir ger\u00e7ektir. Lorem Ipsum, bask\u0131 ve dizgi end\u00fcstrisinin i\u00e7 mekan kukla metnidir. Lorem Ipsum o zamandan beri end\u00fcstrinin standart kukla metni olmu\u015ftur.\t\t\t\t\t\t\t\t<\/div>\n\t\t\t\t\t<\/div>\n\t\t<\/div>\n\t\t\t\t\t<\/div>\n\t\t<\/div>\n\t\t\t\t<div class=\"elementor-section elementor-inner-section elementor-element elementor-element-c6c402f elementor-section-boxed elementor-section-height-default elementor-section-height-default\" data-id=\"c6c402f\" data-element_type=\"section\">\n\t\t\t\t\t\t<div class=\"elementor-container elementor-column-gap-default\">\n\t\t\t\t\t<div class=\"elementor-column elementor-col-50 elementor-inner-column elementor-element elementor-element-8282de4\" data-id=\"8282de4\" data-element_type=\"column\">\n\t\t\t<div class=\"elementor-widget-wrap elementor-element-populated\">\n\t\t\t\t\t\t<div class=\"elementor-element elementor-element-153004a elementor-widget elementor-widget-image\" data-id=\"153004a\" data-element_type=\"widget\" data-widget_type=\"image.default\">\n\t\t\t\t\t\t\t\t\t\t\t\t\t\t\t<img decoding=\"async\" src=\"https:\/\/marblex.peacefulqode.com\/wp-content\/uploads\/2022\/11\/1-2.jpg\" title=\"\" alt=\"\" loading=\"lazy\" \/>\t\t\t\t\t\t\t\t\t\t\t\t\t\t\t<\/div>\n\t\t\t\t\t<\/div>\n\t\t<\/div>\n\t\t\t\t<div class=\"elementor-column elementor-col-50 elementor-inner-column elementor-element elementor-element-34737f4\" data-id=\"34737f4\" data-element_type=\"column\">\n\t\t\t<div class=\"elementor-widget-wrap elementor-element-populated\">\n\t\t\t\t\t\t<div class=\"elementor-element elementor-element-7a4142b elementor-widget elementor-widget-heading\" data-id=\"7a4142b\" data-element_type=\"widget\" data-widget_type=\"heading.default\">\n\t\t\t\t\t<h4 class=\"elementor-heading-title elementor-size-default\">Mermer Koleksiyonu\n<\/h4>\t\t\t\t<\/div>\n\t\t\t\t<div class=\"elementor-element elementor-element-1b7a08a elementor-widget elementor-widget-text-editor\" data-id=\"1b7a08a\" data-element_type=\"widget\" data-widget_type=\"text-editor.default\">\n\t\t\t\t\t\t\t\t\tMarblex, bir okuyucunun bir sayfan\u0131n okunabilir i\u00e7eri\u011fine bakarken dikkatinin da\u011f\u0131laca\u011f\u0131 uzun zamand\u0131r bilinen bir ger\u00e7ektir\t\t\t\t\t\t\t\t<\/div>\n\t\t\t\t<div class=\"elementor-element elementor-element-873ba1c elementor-icon-list--layout-traditional elementor-list-item-link-full_width elementor-widget elementor-widget-icon-list\" data-id=\"873ba1c\" data-element_type=\"widget\" data-widget_type=\"icon-list.default\">\n\t\t\t\t\t\t\t<ul class=\"elementor-icon-list-items\">\n\t\t\t\t\t\t\t<li class=\"elementor-icon-list-item\">\n\t\t\t\t\t\t\t\t\t\t\t<span class=\"elementor-icon-list-icon\">\n\t\t\t\t\t\t\t<svg aria-hidden=\"true\" class=\"e-font-icon-svg e-fas-circle\" viewbox=\"0 0 512 512\" xmlns=\"http:\/\/www.w3.org\/2000\/svg\"><path d=\"M256 8C119 8 8 119 8 256s111 248 248 248 248-111 248-248S393 8 256 8z\"><\/path><\/svg>\t\t\t\t\t\t<\/span>\n\t\t\t\t\t\t\t\t\t\t<span class=\"elementor-icon-list-text\">Daha iyi bir sonu\u00e7 almak i\u00e7in Yarat\u0131c\u0131 Beceriler<\/span>\n\t\t\t\t\t\t\t\t\t<\/li>\n\t\t\t\t\t\t\t\t<li class=\"elementor-icon-list-item\">\n\t\t\t\t\t\t\t\t\t\t\t<span class=\"elementor-icon-list-icon\">\n\t\t\t\t\t\t\t<svg aria-hidden=\"true\" class=\"e-font-icon-svg e-fas-circle\" viewbox=\"0 0 512 512\" xmlns=\"http:\/\/www.w3.org\/2000\/svg\"><path d=\"M256 8C119 8 8 119 8 256s111 248 248 248 248-111 248-248S393 8 256 8z\"><\/path><\/svg>\t\t\t\t\t\t<\/span>\n\t\t\t\t\t\t\t\t\t\t<span class=\"elementor-icon-list-text\"> En y\u00fcksek kalitede mermerler sa\u011flay\u0131n<\/span>\n\t\t\t\t\t\t\t\t\t<\/li>\n\t\t\t\t\t\t\t\t<li class=\"elementor-icon-list-item\">\n\t\t\t\t\t\t\t\t\t\t\t<span class=\"elementor-icon-list-icon\">\n\t\t\t\t\t\t\t<svg aria-hidden=\"true\" class=\"e-font-icon-svg e-fas-circle\" viewbox=\"0 0 512 512\" xmlns=\"http:\/\/www.w3.org\/2000\/svg\"><path d=\"M256 8C119 8 8 119 8 256s111 248 248 248 248-111 248-248S393 8 256 8z\"><\/path><\/svg>\t\t\t\t\t\t<\/span>\n\t\t\t\t\t\t\t\t\t\t<span class=\"elementor-icon-list-text\"> Kaliteli hizmet veriyoruz.<\/span>\n\t\t\t\t\t\t\t\t\t<\/li>\n\t\t\t\t\t\t<\/ul>\n\t\t\t\t\t\t<\/div>\n\t\t\t\t\t<\/div>\n\t\t<\/div>\n\t\t\t\t\t<\/div>\n\t\t<\/div>\n\t\t\t\t<div class=\"elementor-section elementor-inner-section elementor-element elementor-element-4d70c3a elementor-reverse-tablet elementor-reverse-mobile elementor-section-boxed elementor-section-height-default elementor-section-height-default\" data-id=\"4d70c3a\" data-element_type=\"section\">\n\t\t\t\t\t\t<div class=\"elementor-container elementor-column-gap-default\">\n\t\t\t\t\t<div class=\"elementor-column elementor-col-50 elementor-inner-column elementor-element elementor-element-8ca3368\" data-id=\"8ca3368\" data-element_type=\"column\">\n\t\t\t<div class=\"elementor-widget-wrap elementor-element-populated\">\n\t\t\t\t\t\t<div class=\"elementor-element elementor-element-79f55f7 elementor-widget elementor-widget-heading\" data-id=\"79f55f7\" data-element_type=\"widget\" data-widget_type=\"heading.default\">\n\t\t\t\t\t<h4 class=\"elementor-heading-title elementor-size-default\">mutfak terbi\u0307yesi\u0307<\/h4>\t\t\t\t<\/div>\n\t\t\t\t<div class=\"elementor-element elementor-element-1b3e11d elementor-widget elementor-widget-text-editor\" data-id=\"1b3e11d\" data-element_type=\"widget\" data-widget_type=\"text-editor.default\">\n\t\t\t\t\t\t\t\t\tMarblex, bir okuyucunun bir sayfan\u0131n okunabilir i\u00e7eri\u011fine bakarken dikkatinin da\u011f\u0131laca\u011f\u0131 uzun zamand\u0131r bilinen bir ger\u00e7ektir\t\t\t\t\t\t\t\t<\/div>\n\t\t\t\t<div class=\"elementor-element elementor-element-65dc860 elementor-icon-list--layout-traditional elementor-list-item-link-full_width elementor-widget elementor-widget-icon-list\" data-id=\"65dc860\" data-element_type=\"widget\" data-widget_type=\"icon-list.default\">\n\t\t\t\t\t\t\t<ul class=\"elementor-icon-list-items\">\n\t\t\t\t\t\t\t<li class=\"elementor-icon-list-item\">\n\t\t\t\t\t\t\t\t\t\t\t<span class=\"elementor-icon-list-icon\">\n\t\t\t\t\t\t\t<svg aria-hidden=\"true\" class=\"e-font-icon-svg e-fas-circle\" viewbox=\"0 0 512 512\" xmlns=\"http:\/\/www.w3.org\/2000\/svg\"><path d=\"M256 8C119 8 8 119 8 256s111 248 248 248 248-111 248-248S393 8 256 8z\"><\/path><\/svg>\t\t\t\t\t\t<\/span>\n\t\t\t\t\t\t\t\t\t\t<span class=\"elementor-icon-list-text\">Kaliteli mermer y\u00fczey sa\u011fl\u0131yoruz<\/span>\n\t\t\t\t\t\t\t\t\t<\/li>\n\t\t\t\t\t\t\t\t<li class=\"elementor-icon-list-item\">\n\t\t\t\t\t\t\t\t\t\t\t<span class=\"elementor-icon-list-icon\">\n\t\t\t\t\t\t\t<svg aria-hidden=\"true\" class=\"e-font-icon-svg e-fas-circle\" viewbox=\"0 0 512 512\" xmlns=\"http:\/\/www.w3.org\/2000\/svg\"><path d=\"M256 8C119 8 8 119 8 256s111 248 248 248 248-111 248-248S393 8 256 8z\"><\/path><\/svg>\t\t\t\t\t\t<\/span>\n\t\t\t\t\t\t\t\t\t\t<span class=\"elementor-icon-list-text\">\u00c7ok \u00e7e\u015fitli yarat\u0131c\u0131 stiller<\/span>\n\t\t\t\t\t\t\t\t\t<\/li>\n\t\t\t\t\t\t\t\t<li class=\"elementor-icon-list-item\">\n\t\t\t\t\t\t\t\t\t\t\t<span class=\"elementor-icon-list-icon\">\n\t\t\t\t\t\t\t<svg aria-hidden=\"true\" class=\"e-font-icon-svg e-fas-circle\" viewbox=\"0 0 512 512\" xmlns=\"http:\/\/www.w3.org\/2000\/svg\"><path d=\"M256 8C119 8 8 119 8 256s111 248 248 248 248-111 248-248S393 8 256 8z\"><\/path><\/svg>\t\t\t\t\t\t<\/span>\n\t\t\t\t\t\t\t\t\t\t<span class=\"elementor-icon-list-text\">Profesyonel mermer onar\u0131m\u0131<\/span>\n\t\t\t\t\t\t\t\t\t<\/li>\n\t\t\t\t\t\t<\/ul>\n\t\t\t\t\t\t<\/div>\n\t\t\t\t\t<\/div>\n\t\t<\/div>\n\t\t\t\t<div class=\"elementor-column elementor-col-50 elementor-inner-column elementor-element elementor-element-b202ed9\" data-id=\"b202ed9\" data-element_type=\"column\">\n\t\t\t<div class=\"elementor-widget-wrap elementor-element-populated\">\n\t\t\t\t\t\t<div class=\"elementor-element elementor-element-d8e7f41 elementor-widget elementor-widget-image\" data-id=\"d8e7f41\" data-element_type=\"widget\" data-widget_type=\"image.default\">\n\t\t\t\t\t\t\t\t\t\t\t\t\t\t\t<img decoding=\"async\" src=\"https:\/\/marblex.peacefulqode.com\/wp-content\/uploads\/2022\/11\/4-2.jpg\" title=\"\" alt=\"\" loading=\"lazy\" \/>\t\t\t\t\t\t\t\t\t\t\t\t\t\t\t<\/div>\n\t\t\t\t\t<\/div>\n\t\t<\/div>\n\t\t\t\t\t<\/div>\n\t\t<\/div>\n\t\t\t\t<div class=\"elementor-section elementor-inner-section elementor-element elementor-element-9d9393e elementor-section-boxed elementor-section-height-default elementor-section-height-default\" data-id=\"9d9393e\" data-element_type=\"section\">\n\t\t\t\t\t\t<div class=\"elementor-container elementor-column-gap-default\">\n\t\t\t\t\t<div class=\"elementor-column elementor-col-100 elementor-inner-column elementor-element elementor-element-c598a70\" data-id=\"c598a70\" data-element_type=\"column\">\n\t\t\t<div class=\"elementor-widget-wrap elementor-element-populated\">\n\t\t\t\t\t\t<div class=\"elementor-element elementor-element-9ede678 elementor-widget elementor-widget-heading\" data-id=\"9ede678\" data-element_type=\"widget\" data-widget_type=\"heading.default\">\n\t\t\t\t\t<h4 class=\"elementor-heading-title elementor-size-default\">en i\u0307yi\u0307 eki\u0307p uzmanimiz<\/h4>\t\t\t\t<\/div>\n\t\t\t\t<div class=\"elementor-element elementor-element-2cbb3ee elementor-widget elementor-widget-text-editor\" data-id=\"2cbb3ee\" data-element_type=\"widget\" data-widget_type=\"text-editor.default\">\n\t\t\t\t\t\t\t\t\tMarblex, bir okuyucunun sayfa d\u00fczenine bakarken sayfan\u0131n okunabilir i\u00e7eri\u011finden uzakla\u015faca\u011f\u0131 uzun zamand\u0131r bilinen bir ger\u00e7ektir. Lorem Ipsum, bask\u0131 ve dizgi end\u00fcstrisinin i\u00e7 mekan kukla metnidir. Lorem Ipsum o zamandan beri sekt\u00f6r\u00fcn standart kukla metni olmu\u015ftur.\t\t\t\t\t\t\t\t<\/div>\n\t\t\t\t\t<\/div>\n\t\t<\/div>\n\t\t\t\t\t<\/div>\n\t\t<\/div>\n\t\t\t\t<div class=\"elementor-section elementor-inner-section elementor-element elementor-element-560cddc elementor-section-boxed elementor-section-height-default elementor-section-height-default\" data-id=\"560cddc\" data-element_type=\"section\">\n\t\t\t\t\t\t<div class=\"elementor-container elementor-column-gap-default\">\n\t\t\t\t\t<div class=\"elementor-column elementor-col-100 elementor-inner-column elementor-element elementor-element-8029d1f\" data-id=\"8029d1f\" data-element_type=\"column\">\n\t\t\t<div class=\"elementor-widget-wrap elementor-element-populated\">\n\t\t\t\t\t\t<div class=\"elementor-element elementor-element-a3bd4ce pt-accordion-bg elementor-widget elementor-widget-Accordion\" data-id=\"a3bd4ce\" data-element_type=\"widget\" data-widget_type=\"Accordion.default\">\n\t\t\t\t<div class=\"elementor-widget-container\">\n\t\t\t\t\t    \r\n  <div class=\"pt-accordion-block\" >\r\n          <div class=\"pt-accordion-block\">\r\n      <div class=\"pt-accordion-box pt-active  1\">\r\n        <div class=\"pt-ad-title\">\r\n\r\n          <h4 class=\"ad-title-text\">         \r\n          end\u00fcstri\u0307yel g\u00f6rseller nedi\u0307r?  \r\n\r\n          <i aria-hidden=\"true\" class=\"ion ion-plus-round active\"><\/i><i aria-hidden=\"true\" class=\"ion ion-minus-round inactive\"><\/i>   \r\n\r\n          <\/h4>\r\n\r\n        <\/div>\r\n\r\n        <div class=\"pt-accordion-details\">\r\n\r\n         <p class=\"pt-detail-text\"> Lorem ipsum dolor sit amet, consectetur adipiscing elit. Ut elit tellus, luctus nec ullamcorper mattis, pulvinar dapibus leo. <\/p>\r\n\r\n       <\/div>\r\n     <\/div>\r\n   <\/div>\r\n           <div class=\"pt-accordion-block\">\r\n      <div class=\"pt-accordion-box   2\">\r\n        <div class=\"pt-ad-title\">\r\n\r\n          <h4 class=\"ad-title-text\">         \r\n          y\u00fcksek kaliteli end\u00fcstriyel g\u00f6rseller nas\u0131l bulunur  \r\n\r\n          <i aria-hidden=\"true\" class=\"ion ion-plus-round active\"><\/i><i aria-hidden=\"true\" class=\"ion ion-minus-round inactive\"><\/i>   \r\n\r\n          <\/h4>\r\n\r\n        <\/div>\r\n\r\n        <div class=\"pt-accordion-details\">\r\n\r\n         <p class=\"pt-detail-text\"> Lorem ipsum dolor sit amet, consectetur adipiscing elit. Ut elit tellus, luctus nec ullamcorper mattis, pulvinar dapibus leo. <\/p>\r\n\r\n       <\/div>\r\n     <\/div>\r\n   <\/div>\r\n           <div class=\"pt-accordion-block\">\r\n      <div class=\"pt-accordion-box   3\">\r\n        <div class=\"pt-ad-title\">\r\n\r\n          <h4 class=\"ad-title-text\">         \r\n          si\u0307zi\u0307n i\u0307\u00e7i\u0307n kisa bi\u0307r tanitim  \r\n\r\n          <i aria-hidden=\"true\" class=\"ion ion-plus-round active\"><\/i><i aria-hidden=\"true\" class=\"ion ion-minus-round inactive\"><\/i>   \r\n\r\n          <\/h4>\r\n\r\n        <\/div>\r\n\r\n        <div class=\"pt-accordion-details\">\r\n\r\n         <p class=\"pt-detail-text\"> Lorem ipsum dolor sit amet, consectetur adipiscing elit. Ut elit tellus, luctus nec ullamcorper mattis, pulvinar dapibus leo. <\/p>\r\n\r\n       <\/div>\r\n     <\/div>\r\n   <\/div>\r\n           <div class=\"pt-accordion-block\">\r\n      <div class=\"pt-accordion-box   4\">\r\n        <div class=\"pt-ad-title\">\r\n\r\n          <h4 class=\"ad-title-text\">         \r\n          mevcut pasajlar\u0131n varyasyonlar\u0131  \r\n\r\n          <i aria-hidden=\"true\" class=\"ion ion-plus-round active\"><\/i><i aria-hidden=\"true\" class=\"ion ion-minus-round inactive\"><\/i>   \r\n\r\n          <\/h4>\r\n\r\n        <\/div>\r\n\r\n        <div class=\"pt-accordion-details\">\r\n\r\n         <p class=\"pt-detail-text\"> Lorem ipsum dolor sit amet, consectetur adipiscing elit. Ut elit tellus, luctus nec ullamcorper mattis, pulvinar dapibus leo. <\/p>\r\n\r\n       <\/div>\r\n     <\/div>\r\n   <\/div>\r\n        <\/div>\r\n \r\n        \t<script type=\"text\/javascript\">\r\n        \t\t \/*------------------------\r\n                Accordion\r\n                --------------------------*\/\r\n                jQuery('.pt-accordion-block .pt-accordion-box .pt-accordion-details').hide();\r\n                jQuery('.pt-accordion-block .pt-accordion-box:first').addClass('pt-active').children().slideDown('slow');\r\n                jQuery('.pt-accordion-block .pt-accordion-box').on(\"click\", function() {\r\n                    if (jQuery(this).children('div.pt-accordion-details').is(':hidden')) {\r\n                        jQuery('.pt-accordion-block .pt-accordion-box').removeClass('pt-active').children('div.pt-accordion-details').slideUp('slow');\r\n                        jQuery(this).toggleClass('pt-active').children('div.pt-accordion-details').slideDown('slow');\r\n                    }\r\n                });\r\n\r\n\r\n\r\n        \t<\/script>\r\n        \t\t\t\t<\/div>\n\t\t\t\t<\/div>\n\t\t\t\t\t<\/div>\n\t\t<\/div>\n\t\t\t\t\t<\/div>\n\t\t<\/div>\n\t\t\t\t\t<\/div>\n\t\t<\/div>\n\t\t\t\t\t<\/div>\n\t\t<\/div>\n\t\t\t\t<\/div>","protected":false},"excerpt":{"rendered":"<p>Evinizde suya dayan\u0131kl\u0131 zemin kaplamas\u0131 se\u00e7in Hayalinizdeki Marblex tasar\u0131m\u0131, planlara, proje planlar\u0131na, 3D g\u00f6rselle\u015ftirmelere yans\u0131yan bir konsept ile ev sahipleri i\u00e7in harika zemin kaplama \u00e7\u00f6z\u00fcmleri ve m\u00fc\u015fteri hizmetleri sunmaya ba\u015flar. 1999 y\u0131l\u0131ndan bu yana, ev sahipleri ve ticari m\u00fc\u015fteriler i\u00e7in harika d\u00f6\u015feme \u00e7\u00f6z\u00fcmleri ve m\u00fc\u015fteri hizmetleri sunuyoruz. [...]<\/p>","protected":false},"author":1,"featured_media":0,"parent":0,"menu_order":0,"comment_status":"closed","ping_status":"closed","template":"","meta":{"_acf_changed":false,"_eb_attr":"","footnotes":""},"class_list":["post-3776","page","type-page","status-publish","hentry"],"acf":[],"_links":{"self":[{"href":"https:\/\/www.bormarble.com\/tr\/wp-json\/wp\/v2\/pages\/3776","targetHints":{"allow":["GET"]}}],"collection":[{"href":"https:\/\/www.bormarble.com\/tr\/wp-json\/wp\/v2\/pages"}],"about":[{"href":"https:\/\/www.bormarble.com\/tr\/wp-json\/wp\/v2\/types\/page"}],"author":[{"embeddable":true,"href":"https:\/\/www.bormarble.com\/tr\/wp-json\/wp\/v2\/users\/1"}],"replies":[{"embeddable":true,"href":"https:\/\/www.bormarble.com\/tr\/wp-json\/wp\/v2\/comments?post=3776"}],"version-history":[{"count":0,"href":"https:\/\/www.bormarble.com\/tr\/wp-json\/wp\/v2\/pages\/3776\/revisions"}],"wp:attachment":[{"href":"https:\/\/www.bormarble.com\/tr\/wp-json\/wp\/v2\/media?parent=3776"}],"curies":[{"name":"wp","href":"https:\/\/api.w.org\/{rel}","templated":true}]}}