{"id":3794,"date":"2022-11-10T10:16:40","date_gmt":"2022-11-10T10:16:40","guid":{"rendered":"https:\/\/marblex.peacefulqode.com\/?page_id=3794"},"modified":"2025-11-09T20:25:16","modified_gmt":"2025-11-09T20:25:16","slug":"oak-flooring","status":"publish","type":"page","link":"https:\/\/www.bormarble.com\/tr\/oak-flooring\/","title":{"rendered":"Me\u015fe d\u00f6\u015feme"},"content":{"rendered":"<div data-elementor-type=\"wp-page\" data-elementor-id=\"3794\" class=\"elementor elementor-3794\">\n\t\t\t\t\t\t<div class=\"elementor-section elementor-top-section elementor-element elementor-element-5c88f9f elementor-section-full_width elementor-section-height-default elementor-section-height-default\" data-id=\"5c88f9f\" data-element_type=\"section\">\n\t\t\t\t\t\t<div class=\"elementor-container elementor-column-gap-default\">\n\t\t\t\t\t<div class=\"elementor-column elementor-col-33 elementor-top-column elementor-element elementor-element-9e9ec99\" data-id=\"9e9ec99\" data-element_type=\"column\">\n\t\t\t<div class=\"elementor-widget-wrap elementor-element-populated\">\n\t\t\t\t\t\t<div class=\"elementor-section elementor-inner-section elementor-element elementor-element-528cfb2 elementor-section-boxed elementor-section-height-default elementor-section-height-default\" data-id=\"528cfb2\" data-element_type=\"section\">\n\t\t\t\t\t\t<div class=\"elementor-container elementor-column-gap-default\">\n\t\t\t\t\t<div class=\"elementor-column elementor-col-100 elementor-inner-column elementor-element elementor-element-7f43996\" data-id=\"7f43996\" data-element_type=\"column\">\n\t\t\t<div class=\"elementor-widget-wrap elementor-element-populated\">\n\t\t\t\t\t\t<div class=\"elementor-element elementor-element-b397cf8 eael-simple-menu-hamburger-align-center elementor-widget__width-inherit eael-hamburger--tablet elementor-widget elementor-widget-eael-simple-menu\" data-id=\"b397cf8\" data-element_type=\"widget\" data-widget_type=\"eael-simple-menu.default\">\n\t\t\t\t\t<style>\n                        @media screen and (max-width: 1024px) {\n                            .eael-hamburger--tablet {\n                                .eael-simple-menu-horizontal,\n                                .eael-simple-menu-vertical {\n                                    display: none;\n                                }\n                            }\n                            .eael-hamburger--tablet {\n                                .eael-simple-menu-container .eael-simple-menu-toggle {\n                                    display: block;\n                                }\n                            }\n                        }\n                    <\/style>            <div data-hamburger-icon=\"&lt;svg aria-hidden=&quot;true&quot; class=&quot;e-font-icon-svg e-fas-bars&quot; viewBox=&quot;0 0 448 512&quot; xmlns=&quot;http:\/\/www.w3.org\/2000\/svg&quot;&gt;&lt;path d=&quot;M16 132h416c8.837 0 16-7.163 16-16V76c0-8.837-7.163-16-16-16H16C7.163 60 0 67.163 0 76v40c0 8.837 7.163 16 16 16zm0 160h416c8.837 0 16-7.163 16-16v-40c0-8.837-7.163-16-16-16H16c-8.837 0-16 7.163-16 16v40c0 8.837 7.163 16 16 16zm0 160h416c8.837 0 16-7.163 16-16v-40c0-8.837-7.163-16-16-16H16c-8.837 0-16 7.163-16 16v40c0 8.837 7.163 16 16 16z&quot;&gt;&lt;\/path&gt;&lt;\/svg&gt;\" data-indicator-icon=\"&lt;svg aria-hidden=&quot;true&quot; class=&quot;e-font-icon-svg e-fas-angle-down&quot; viewBox=&quot;0 0 320 512&quot; xmlns=&quot;http:\/\/www.w3.org\/2000\/svg&quot;&gt;&lt;path d=&quot;M143 352.3L7 216.3c-9.4-9.4-9.4-24.6 0-33.9l22.6-22.6c9.4-9.4 24.6-9.4 33.9 0l96.4 96.4 96.4-96.4c9.4-9.4 24.6-9.4 33.9 0l22.6 22.6c9.4 9.4 9.4 24.6 0 33.9l-136 136c-9.2 9.4-24.4 9.4-33.8 0z&quot;&gt;&lt;\/path&gt;&lt;\/svg&gt;\" data-dropdown-indicator-icon=\"&lt;svg class=&quot;e-font-icon-svg e-fas-angle-down&quot; viewBox=&quot;0 0 320 512&quot; xmlns=&quot;http:\/\/www.w3.org\/2000\/svg&quot;&gt;&lt;path d=&quot;M143 352.3L7 216.3c-9.4-9.4-9.4-24.6 0-33.9l22.6-22.6c9.4-9.4 24.6-9.4 33.9 0l96.4 96.4 96.4-96.4c9.4-9.4 24.6-9.4 33.9 0l22.6 22.6c9.4 9.4 9.4 24.6 0 33.9l-136 136c-9.2 9.4-24.4 9.4-33.8 0z&quot;&gt;&lt;\/path&gt;&lt;\/svg&gt;\" class=\"eael-simple-menu-container eael-simple-menu-align-center eael-simple-menu-dropdown-align-left preset-3\" data-hamburger-breakpoints=\"{&quot;mobile&quot;:&quot;Mobil Portre (&gt; 767px)&quot;,&quot;tablet&quot;:&quot;Tablet Portresi (&gt; 1024px)&quot;,&quot;desktop&quot;:&quot;Desktop (&gt; 2400px)&quot;,&quot;none&quot;:&quot;None&quot;}\" data-hamburger-device=\"tablet\">\n                <ul id=\"menu-service-menu\" class=\"eael-simple-menu eael-simple-menu-dropdown-animate-to-top eael-simple-menu-indicator eael-simple-menu-vertical\"><li id=\"menu-item-7125\" class=\"menu-item menu-item-type-post_type menu-item-object-portfolio menu-item-7125\"><a href=\"https:\/\/www.bormarble.com\/tr\/portfolio\/burdur\/\">Burdur Beige<\/a><\/li>\n<li id=\"menu-item-7126\" class=\"menu-item menu-item-type-post_type menu-item-object-portfolio menu-item-7126\"><a href=\"https:\/\/www.bormarble.com\/tr\/portfolio\/silve-vein-cut\/\">Silver Travertine Vein Cut<\/a><\/li>\n<li id=\"menu-item-7127\" class=\"menu-item menu-item-type-post_type menu-item-object-portfolio menu-item-7127\"><a href=\"https:\/\/www.bormarble.com\/tr\/portfolio\/tundra-blue\/\">Tundra Blue<\/a><\/li>\n<\/ul>                <button class=\"eael-simple-menu-toggle\">\n                    <span class=\"sr-only\">Hamburger Toggle Men\u00fc<\/span>\n                    <svg aria-hidden=\"true\" class=\"e-font-icon-svg e-fas-bars\" viewbox=\"0 0 448 512\" xmlns=\"http:\/\/www.w3.org\/2000\/svg\"><path d=\"M16 132h416c8.837 0 16-7.163 16-16V76c0-8.837-7.163-16-16-16H16C7.163 60 0 67.163 0 76v40c0 8.837 7.163 16 16 16zm0 160h416c8.837 0 16-7.163 16-16v-40c0-8.837-7.163-16-16-16H16c-8.837 0-16 7.163-16 16v40c0 8.837 7.163 16 16 16zm0 160h416c8.837 0 16-7.163 16-16v-40c0-8.837-7.163-16-16-16H16c-8.837 0-16 7.163-16 16v40c0 8.837 7.163 16 16 16z\"><\/path><\/svg>                <\/button>\n            <\/div>\n            \t\t\t\t<\/div>\n\t\t\t\t\t<\/div>\n\t\t<\/div>\n\t\t\t\t\t<\/div>\n\t\t<\/div>\n\t\t\t\t\t<\/div>\n\t\t<\/div>\n\t\t\t\t<div class=\"elementor-column elementor-col-66 elementor-top-column elementor-element elementor-element-492aadf\" data-id=\"492aadf\" data-element_type=\"column\">\n\t\t\t<div class=\"elementor-widget-wrap elementor-element-populated\">\n\t\t\t\t\t\t<div class=\"elementor-section elementor-inner-section elementor-element elementor-element-e3862f0 elementor-section-boxed elementor-section-height-default elementor-section-height-default\" data-id=\"e3862f0\" data-element_type=\"section\">\n\t\t\t\t\t\t<div class=\"elementor-container elementor-column-gap-default\">\n\t\t\t\t\t<div class=\"elementor-column elementor-col-50 elementor-inner-column elementor-element elementor-element-be0d804\" data-id=\"be0d804\" data-element_type=\"column\">\n\t\t\t<div class=\"elementor-widget-wrap elementor-element-populated\">\n\t\t\t\t\t\t<div class=\"elementor-element elementor-element-13a7389 elementor-widget elementor-widget-image\" data-id=\"13a7389\" data-element_type=\"widget\" data-widget_type=\"image.default\">\n\t\t\t\t\t\t\t\t\t\t\t\t\t\t\t<img decoding=\"async\" src=\"https:\/\/marblex.peacefulqode.com\/wp-content\/uploads\/2022\/11\/1-2.jpg\" title=\"\" alt=\"\" loading=\"lazy\" \/>\t\t\t\t\t\t\t\t\t\t\t\t\t\t\t<\/div>\n\t\t\t\t\t<\/div>\n\t\t<\/div>\n\t\t\t\t<div class=\"elementor-column elementor-col-50 elementor-inner-column elementor-element elementor-element-a4c6a61\" data-id=\"a4c6a61\" data-element_type=\"column\">\n\t\t\t<div class=\"elementor-widget-wrap elementor-element-populated\">\n\t\t\t\t\t\t<div class=\"elementor-element elementor-element-23c3e52 elementor-widget elementor-widget-heading\" data-id=\"23c3e52\" data-element_type=\"widget\" data-widget_type=\"heading.default\">\n\t\t\t\t\t<h4 class=\"elementor-heading-title elementor-size-default\">Mermer Koleksiyonu\n<\/h4>\t\t\t\t<\/div>\n\t\t\t\t<div class=\"elementor-element elementor-element-a437784 elementor-widget elementor-widget-text-editor\" data-id=\"a437784\" data-element_type=\"widget\" data-widget_type=\"text-editor.default\">\n\t\t\t\t\t\t\t\t\tMarblex, bir okuyucunun bir sayfan\u0131n okunabilir i\u00e7eri\u011fine bakarken dikkatinin da\u011f\u0131laca\u011f\u0131 uzun zamand\u0131r bilinen bir ger\u00e7ektir\t\t\t\t\t\t\t\t<\/div>\n\t\t\t\t<div class=\"elementor-element elementor-element-b13a866 elementor-icon-list--layout-traditional elementor-list-item-link-full_width elementor-widget elementor-widget-icon-list\" data-id=\"b13a866\" data-element_type=\"widget\" data-widget_type=\"icon-list.default\">\n\t\t\t\t\t\t\t<ul class=\"elementor-icon-list-items\">\n\t\t\t\t\t\t\t<li class=\"elementor-icon-list-item\">\n\t\t\t\t\t\t\t\t\t\t\t<span class=\"elementor-icon-list-icon\">\n\t\t\t\t\t\t\t<svg aria-hidden=\"true\" class=\"e-font-icon-svg e-fas-circle\" viewbox=\"0 0 512 512\" xmlns=\"http:\/\/www.w3.org\/2000\/svg\"><path d=\"M256 8C119 8 8 119 8 256s111 248 248 248 248-111 248-248S393 8 256 8z\"><\/path><\/svg>\t\t\t\t\t\t<\/span>\n\t\t\t\t\t\t\t\t\t\t<span class=\"elementor-icon-list-text\">Daha iyi bir sonu\u00e7 almak i\u00e7in Yarat\u0131c\u0131 Beceriler<\/span>\n\t\t\t\t\t\t\t\t\t<\/li>\n\t\t\t\t\t\t\t\t<li class=\"elementor-icon-list-item\">\n\t\t\t\t\t\t\t\t\t\t\t<span class=\"elementor-icon-list-icon\">\n\t\t\t\t\t\t\t<svg aria-hidden=\"true\" class=\"e-font-icon-svg e-fas-circle\" viewbox=\"0 0 512 512\" xmlns=\"http:\/\/www.w3.org\/2000\/svg\"><path d=\"M256 8C119 8 8 119 8 256s111 248 248 248 248-111 248-248S393 8 256 8z\"><\/path><\/svg>\t\t\t\t\t\t<\/span>\n\t\t\t\t\t\t\t\t\t\t<span class=\"elementor-icon-list-text\"> En y\u00fcksek kalitede mermerler sa\u011flay\u0131n<\/span>\n\t\t\t\t\t\t\t\t\t<\/li>\n\t\t\t\t\t\t\t\t<li class=\"elementor-icon-list-item\">\n\t\t\t\t\t\t\t\t\t\t\t<span class=\"elementor-icon-list-icon\">\n\t\t\t\t\t\t\t<svg aria-hidden=\"true\" class=\"e-font-icon-svg e-fas-circle\" viewbox=\"0 0 512 512\" xmlns=\"http:\/\/www.w3.org\/2000\/svg\"><path d=\"M256 8C119 8 8 119 8 256s111 248 248 248 248-111 248-248S393 8 256 8z\"><\/path><\/svg>\t\t\t\t\t\t<\/span>\n\t\t\t\t\t\t\t\t\t\t<span class=\"elementor-icon-list-text\"> Kaliteli hizmet veriyoruz.<\/span>\n\t\t\t\t\t\t\t\t\t<\/li>\n\t\t\t\t\t\t<\/ul>\n\t\t\t\t\t\t<\/div>\n\t\t\t\t\t<\/div>\n\t\t<\/div>\n\t\t\t\t\t<\/div>\n\t\t<\/div>\n\t\t\t\t<div class=\"elementor-section elementor-inner-section elementor-element elementor-element-09cd643 elementor-reverse-tablet elementor-reverse-mobile elementor-section-boxed elementor-section-height-default elementor-section-height-default\" data-id=\"09cd643\" data-element_type=\"section\">\n\t\t\t\t\t\t<div class=\"elementor-container elementor-column-gap-default\">\n\t\t\t\t\t<div class=\"elementor-column elementor-col-50 elementor-inner-column elementor-element elementor-element-6f0511a\" data-id=\"6f0511a\" data-element_type=\"column\">\n\t\t\t<div class=\"elementor-widget-wrap elementor-element-populated\">\n\t\t\t\t\t\t<div class=\"elementor-element elementor-element-a570618 elementor-widget elementor-widget-heading\" data-id=\"a570618\" data-element_type=\"widget\" data-widget_type=\"heading.default\">\n\t\t\t\t\t<h4 class=\"elementor-heading-title elementor-size-default\">mutfak terbi\u0307yesi\u0307<\/h4>\t\t\t\t<\/div>\n\t\t\t\t<div class=\"elementor-element elementor-element-51801f3 elementor-widget elementor-widget-text-editor\" data-id=\"51801f3\" data-element_type=\"widget\" data-widget_type=\"text-editor.default\">\n\t\t\t\t\t\t\t\t\tMarblex, bir okuyucunun bir sayfan\u0131n okunabilir i\u00e7eri\u011fine bakarken dikkatinin da\u011f\u0131laca\u011f\u0131 uzun zamand\u0131r bilinen bir ger\u00e7ektir\t\t\t\t\t\t\t\t<\/div>\n\t\t\t\t<div class=\"elementor-element elementor-element-47db1d6 elementor-icon-list--layout-traditional elementor-list-item-link-full_width elementor-widget elementor-widget-icon-list\" data-id=\"47db1d6\" data-element_type=\"widget\" data-widget_type=\"icon-list.default\">\n\t\t\t\t\t\t\t<ul class=\"elementor-icon-list-items\">\n\t\t\t\t\t\t\t<li class=\"elementor-icon-list-item\">\n\t\t\t\t\t\t\t\t\t\t\t<span class=\"elementor-icon-list-icon\">\n\t\t\t\t\t\t\t<svg aria-hidden=\"true\" class=\"e-font-icon-svg e-fas-circle\" viewbox=\"0 0 512 512\" xmlns=\"http:\/\/www.w3.org\/2000\/svg\"><path d=\"M256 8C119 8 8 119 8 256s111 248 248 248 248-111 248-248S393 8 256 8z\"><\/path><\/svg>\t\t\t\t\t\t<\/span>\n\t\t\t\t\t\t\t\t\t\t<span class=\"elementor-icon-list-text\">Kaliteli mermer y\u00fczey sa\u011fl\u0131yoruz<\/span>\n\t\t\t\t\t\t\t\t\t<\/li>\n\t\t\t\t\t\t\t\t<li class=\"elementor-icon-list-item\">\n\t\t\t\t\t\t\t\t\t\t\t<span class=\"elementor-icon-list-icon\">\n\t\t\t\t\t\t\t<svg aria-hidden=\"true\" class=\"e-font-icon-svg e-fas-circle\" viewbox=\"0 0 512 512\" xmlns=\"http:\/\/www.w3.org\/2000\/svg\"><path d=\"M256 8C119 8 8 119 8 256s111 248 248 248 248-111 248-248S393 8 256 8z\"><\/path><\/svg>\t\t\t\t\t\t<\/span>\n\t\t\t\t\t\t\t\t\t\t<span class=\"elementor-icon-list-text\">\u00c7ok \u00e7e\u015fitli yarat\u0131c\u0131 stiller<\/span>\n\t\t\t\t\t\t\t\t\t<\/li>\n\t\t\t\t\t\t\t\t<li class=\"elementor-icon-list-item\">\n\t\t\t\t\t\t\t\t\t\t\t<span class=\"elementor-icon-list-icon\">\n\t\t\t\t\t\t\t<svg aria-hidden=\"true\" class=\"e-font-icon-svg e-fas-circle\" viewbox=\"0 0 512 512\" xmlns=\"http:\/\/www.w3.org\/2000\/svg\"><path d=\"M256 8C119 8 8 119 8 256s111 248 248 248 248-111 248-248S393 8 256 8z\"><\/path><\/svg>\t\t\t\t\t\t<\/span>\n\t\t\t\t\t\t\t\t\t\t<span class=\"elementor-icon-list-text\">Profesyonel mermer onar\u0131m\u0131<\/span>\n\t\t\t\t\t\t\t\t\t<\/li>\n\t\t\t\t\t\t<\/ul>\n\t\t\t\t\t\t<\/div>\n\t\t\t\t\t<\/div>\n\t\t<\/div>\n\t\t\t\t<div class=\"elementor-column elementor-col-50 elementor-inner-column elementor-element elementor-element-1410620\" data-id=\"1410620\" data-element_type=\"column\">\n\t\t\t<div class=\"elementor-widget-wrap elementor-element-populated\">\n\t\t\t\t\t\t<div class=\"elementor-element elementor-element-16b9088 elementor-widget elementor-widget-image\" data-id=\"16b9088\" data-element_type=\"widget\" data-widget_type=\"image.default\">\n\t\t\t\t\t\t\t\t\t\t\t\t\t\t\t<img decoding=\"async\" src=\"https:\/\/marblex.peacefulqode.com\/wp-content\/uploads\/2022\/11\/4-2.jpg\" title=\"\" alt=\"\" loading=\"lazy\" \/>\t\t\t\t\t\t\t\t\t\t\t\t\t\t\t<\/div>\n\t\t\t\t\t<\/div>\n\t\t<\/div>\n\t\t\t\t\t<\/div>\n\t\t<\/div>\n\t\t\t\t<div class=\"elementor-section elementor-inner-section elementor-element elementor-element-3862c87 elementor-section-boxed elementor-section-height-default elementor-section-height-default\" data-id=\"3862c87\" data-element_type=\"section\">\n\t\t\t\t\t\t<div class=\"elementor-container elementor-column-gap-default\">\n\t\t\t\t\t<div class=\"elementor-column elementor-col-100 elementor-inner-column elementor-element elementor-element-26e8d41\" data-id=\"26e8d41\" data-element_type=\"column\">\n\t\t\t<div class=\"elementor-widget-wrap elementor-element-populated\">\n\t\t\t\t\t\t<div class=\"elementor-element elementor-element-f07d23d elementor-widget elementor-widget-heading\" data-id=\"f07d23d\" data-element_type=\"widget\" data-widget_type=\"heading.default\">\n\t\t\t\t\t<h4 class=\"elementor-heading-title elementor-size-default\">en i\u0307yi\u0307 eki\u0307p uzmanimiz<\/h4>\t\t\t\t<\/div>\n\t\t\t\t<div class=\"elementor-element elementor-element-61eca56 elementor-widget elementor-widget-text-editor\" data-id=\"61eca56\" data-element_type=\"widget\" data-widget_type=\"text-editor.default\">\n\t\t\t\t\t\t\t\t\tMarblex, bir okuyucunun sayfa d\u00fczenine bakarken sayfan\u0131n okunabilir i\u00e7eri\u011finden uzakla\u015faca\u011f\u0131 uzun zamand\u0131r bilinen bir ger\u00e7ektir. Lorem Ipsum, bask\u0131 ve dizgi end\u00fcstrisinin i\u00e7 mekan kukla metnidir. Lorem Ipsum o zamandan beri sekt\u00f6r\u00fcn standart kukla metni olmu\u015ftur.\t\t\t\t\t\t\t\t<\/div>\n\t\t\t\t\t<\/div>\n\t\t<\/div>\n\t\t\t\t\t<\/div>\n\t\t<\/div>\n\t\t\t\t<div class=\"elementor-section elementor-inner-section elementor-element elementor-element-163c4b0 elementor-section-boxed elementor-section-height-default elementor-section-height-default\" data-id=\"163c4b0\" data-element_type=\"section\">\n\t\t\t\t\t\t<div class=\"elementor-container elementor-column-gap-default\">\n\t\t\t\t\t<div class=\"elementor-column elementor-col-100 elementor-inner-column elementor-element elementor-element-d42e834\" data-id=\"d42e834\" data-element_type=\"column\">\n\t\t\t<div class=\"elementor-widget-wrap elementor-element-populated\">\n\t\t\t\t\t\t<div class=\"elementor-element elementor-element-00b3378 pt-accordion-bg elementor-widget elementor-widget-Accordion\" data-id=\"00b3378\" data-element_type=\"widget\" data-widget_type=\"Accordion.default\">\n\t\t\t\t<div class=\"elementor-widget-container\">\n\t\t\t\t\t    \r\n  <div class=\"pt-accordion-block\" >\r\n          <div class=\"pt-accordion-block\">\r\n      <div class=\"pt-accordion-box pt-active  1\">\r\n        <div class=\"pt-ad-title\">\r\n\r\n          <h4 class=\"ad-title-text\">         \r\n          end\u00fcstri\u0307yel g\u00f6rseller nedi\u0307r?  \r\n\r\n          <i aria-hidden=\"true\" class=\"ion ion-plus-round active\"><\/i><i aria-hidden=\"true\" class=\"ion ion-minus-round inactive\"><\/i>   \r\n\r\n          <\/h4>\r\n\r\n        <\/div>\r\n\r\n        <div class=\"pt-accordion-details\">\r\n\r\n         <p class=\"pt-detail-text\"> Lorem ipsum dolor sit amet, consectetur adipiscing elit. Ut elit tellus, luctus nec ullamcorper mattis, pulvinar dapibus leo. <\/p>\r\n\r\n       <\/div>\r\n     <\/div>\r\n   <\/div>\r\n           <div class=\"pt-accordion-block\">\r\n      <div class=\"pt-accordion-box   2\">\r\n        <div class=\"pt-ad-title\">\r\n\r\n          <h4 class=\"ad-title-text\">         \r\n          y\u00fcksek kaliteli end\u00fcstriyel g\u00f6rseller nas\u0131l bulunur  \r\n\r\n          <i aria-hidden=\"true\" class=\"ion ion-plus-round active\"><\/i><i aria-hidden=\"true\" class=\"ion ion-minus-round inactive\"><\/i>   \r\n\r\n          <\/h4>\r\n\r\n        <\/div>\r\n\r\n        <div class=\"pt-accordion-details\">\r\n\r\n         <p class=\"pt-detail-text\"> Lorem ipsum dolor sit amet, consectetur adipiscing elit. Ut elit tellus, luctus nec ullamcorper mattis, pulvinar dapibus leo. <\/p>\r\n\r\n       <\/div>\r\n     <\/div>\r\n   <\/div>\r\n           <div class=\"pt-accordion-block\">\r\n      <div class=\"pt-accordion-box   3\">\r\n        <div class=\"pt-ad-title\">\r\n\r\n          <h4 class=\"ad-title-text\">         \r\n          si\u0307zi\u0307n i\u0307\u00e7i\u0307n kisa bi\u0307r tanitim  \r\n\r\n          <i aria-hidden=\"true\" class=\"ion ion-plus-round active\"><\/i><i aria-hidden=\"true\" class=\"ion ion-minus-round inactive\"><\/i>   \r\n\r\n          <\/h4>\r\n\r\n        <\/div>\r\n\r\n        <div class=\"pt-accordion-details\">\r\n\r\n         <p class=\"pt-detail-text\"> Lorem ipsum dolor sit amet, consectetur adipiscing elit. Ut elit tellus, luctus nec ullamcorper mattis, pulvinar dapibus leo. <\/p>\r\n\r\n       <\/div>\r\n     <\/div>\r\n   <\/div>\r\n           <div class=\"pt-accordion-block\">\r\n      <div class=\"pt-accordion-box   4\">\r\n        <div class=\"pt-ad-title\">\r\n\r\n          <h4 class=\"ad-title-text\">         \r\n          mevcut pasajlar\u0131n varyasyonlar\u0131  \r\n\r\n          <i aria-hidden=\"true\" class=\"ion ion-plus-round active\"><\/i><i aria-hidden=\"true\" class=\"ion ion-minus-round inactive\"><\/i>   \r\n\r\n          <\/h4>\r\n\r\n        <\/div>\r\n\r\n        <div class=\"pt-accordion-details\">\r\n\r\n         <p class=\"pt-detail-text\"> Lorem ipsum dolor sit amet, consectetur adipiscing elit. Ut elit tellus, luctus nec ullamcorper mattis, pulvinar dapibus leo. <\/p>\r\n\r\n       <\/div>\r\n     <\/div>\r\n   <\/div>\r\n        <\/div>\r\n \r\n        \t<script type=\"text\/javascript\">\r\n        \t\t \/*------------------------\r\n                Accordion\r\n                --------------------------*\/\r\n                jQuery('.pt-accordion-block .pt-accordion-box .pt-accordion-details').hide();\r\n                jQuery('.pt-accordion-block .pt-accordion-box:first').addClass('pt-active').children().slideDown('slow');\r\n                jQuery('.pt-accordion-block .pt-accordion-box').on(\"click\", function() {\r\n                    if (jQuery(this).children('div.pt-accordion-details').is(':hidden')) {\r\n                        jQuery('.pt-accordion-block .pt-accordion-box').removeClass('pt-active').children('div.pt-accordion-details').slideUp('slow');\r\n                        jQuery(this).toggleClass('pt-active').children('div.pt-accordion-details').slideDown('slow');\r\n                    }\r\n                });\r\n\r\n\r\n\r\n        \t<\/script>\r\n        \t\t\t\t<\/div>\n\t\t\t\t<\/div>\n\t\t\t\t\t<\/div>\n\t\t<\/div>\n\t\t\t\t\t<\/div>\n\t\t<\/div>\n\t\t\t\t\t<\/div>\n\t\t<\/div>\n\t\t\t\t\t<\/div>\n\t\t<\/div>\n\t\t\t\t<\/div>","protected":false},"excerpt":{"rendered":"<p>Limestone Vinyl Flooring Wood Floorings Marble Onyx Travertine Hamburger Toggle Menu Marble Collection Marblex, bir okuyucunun bakarken bir sayfan\u0131n okunabilir i\u00e7eri\u011finden rahats\u0131z olaca\u011f\u0131 uzun zamand\u0131r bilinen bir ger\u00e7ektir Yarat\u0131c\u0131 Beceriler Daha iyi bir sonu\u00e7 elde etmek i\u00e7in En kaliteli mermerleri sa\u011flay\u0131n Kaliteli hizmetler sunuyoruz. mutfak bitirme Marblex uzun [...]<\/p>","protected":false},"author":1,"featured_media":0,"parent":0,"menu_order":0,"comment_status":"closed","ping_status":"closed","template":"","meta":{"_acf_changed":false,"_eb_attr":"","footnotes":""},"class_list":["post-3794","page","type-page","status-publish","hentry"],"acf":[],"_links":{"self":[{"href":"https:\/\/www.bormarble.com\/tr\/wp-json\/wp\/v2\/pages\/3794","targetHints":{"allow":["GET"]}}],"collection":[{"href":"https:\/\/www.bormarble.com\/tr\/wp-json\/wp\/v2\/pages"}],"about":[{"href":"https:\/\/www.bormarble.com\/tr\/wp-json\/wp\/v2\/types\/page"}],"author":[{"embeddable":true,"href":"https:\/\/www.bormarble.com\/tr\/wp-json\/wp\/v2\/users\/1"}],"replies":[{"embeddable":true,"href":"https:\/\/www.bormarble.com\/tr\/wp-json\/wp\/v2\/comments?post=3794"}],"version-history":[{"count":33,"href":"https:\/\/www.bormarble.com\/tr\/wp-json\/wp\/v2\/pages\/3794\/revisions"}],"predecessor-version":[{"id":6803,"href":"https:\/\/www.bormarble.com\/tr\/wp-json\/wp\/v2\/pages\/3794\/revisions\/6803"}],"wp:attachment":[{"href":"https:\/\/www.bormarble.com\/tr\/wp-json\/wp\/v2\/media?parent=3794"}],"curies":[{"name":"wp","href":"https:\/\/api.w.org\/{rel}","templated":true}]}}